{"id":646,"date":"2015-11-16T12:38:56","date_gmt":"2015-11-16T17:38:56","guid":{"rendered":"http:\/\/aaa.phil-dev.ca\/fr\/homepage-bandcamp\/"},"modified":"2015-11-17T16:34:54","modified_gmt":"2015-11-17T21:34:54","slug":"homepage-bandcamp","status":"publish","type":"page","link":"https:\/\/www.projetpal.com\/fr\/homepage-bandcamp\/","title":{"rendered":"homepage-bandcamp"},"content":{"rendered":"<h2 class=\"yellow\">Musique et sant\u00e9 mentale, c\u00e9l\u00e9brons en chanson<\/h2>\n<p><iframe class=\"bandCamp\" src=\"https:\/\/bandcamp.com\/EmbeddedPlayer\/album=3031784966\/size=large\/bgcol=ffffff\/linkcol=0687f5\/tracklist=false\/artwork=small\/transparent=true\/\" seamless><a href=\"http:\/\/projetpalmusic.bandcamp.com\/album\/musique-et-la-sant-mentale-c-l-brons-en-chanson-mental-health-and-music-celebrating-with-song\">Musique et la sant\u00e9 mentale c\u00e9l\u00e9brons en chanson \/ Mental  health and music celebrating with song by Various Artists<\/a><\/iframe><\/p>\n<p class=\"btn btn-dark btn-trans\"><a href=\"https:\/\/projetpalmusic.bandcamp.com\/releases\/\" target=\"_blank\">Achetez maintenant<\/a><\/p>\n","protected":false},"excerpt":{"rendered":"<p>Musique et sant\u00e9 mentale, c\u00e9l\u00e9brons en chanson Musique et la sant\u00e9 mentale c\u00e9l\u00e9brons en chanson \/ Mental health and music celebrating with song by Various Artists Achetez maintenant<\/p>\n","protected":false},"author":4,"featured_media":0,"parent":0,"menu_order":0,"comment_status":"closed","ping_status":"closed","template":"","meta":{"footnotes":""},"class_list":["post-646","page","type-page","status-publish","hentry"],"_links":{"self":[{"href":"https:\/\/www.projetpal.com\/fr\/wp-json\/wp\/v2\/pages\/646","targetHints":{"allow":["GET"]}}],"collection":[{"href":"https:\/\/www.projetpal.com\/fr\/wp-json\/wp\/v2\/pages"}],"about":[{"href":"https:\/\/www.projetpal.com\/fr\/wp-json\/wp\/v2\/types\/page"}],"author":[{"embeddable":true,"href":"https:\/\/www.projetpal.com\/fr\/wp-json\/wp\/v2\/users\/4"}],"replies":[{"embeddable":true,"href":"https:\/\/www.projetpal.com\/fr\/wp-json\/wp\/v2\/comments?post=646"}],"version-history":[{"count":3,"href":"https:\/\/www.projetpal.com\/fr\/wp-json\/wp\/v2\/pages\/646\/revisions"}],"predecessor-version":[{"id":702,"href":"https:\/\/www.projetpal.com\/fr\/wp-json\/wp\/v2\/pages\/646\/revisions\/702"}],"wp:attachment":[{"href":"https:\/\/www.projetpal.com\/fr\/wp-json\/wp\/v2\/media?parent=646"}],"curies":[{"name":"wp","href":"https:\/\/api.w.org\/{rel}","templated":true}]}}