{"id":340,"date":"2015-10-30T14:49:21","date_gmt":"2015-10-30T18:49:21","guid":{"rendered":"http:\/\/aaa.phil-dev.ca\/fr\/member-testimonials\/"},"modified":"2020-09-08T11:23:45","modified_gmt":"2020-09-08T15:23:45","slug":"temoignages","status":"publish","type":"page","link":"https:\/\/www.projetpal.com\/fr\/temoignages\/","title":{"rendered":"T\u00e9moignages"},"content":{"rendered":"<blockquote><p>\u00ab Le fait de servir des repas \u00e0 P.A.L. me donne une raison d\u2019\u00eatre, un sentiment d\u2019\u00eatre utile.  Cela me fait sortir de ma solitude.  J\u2019ai l\u2019impression que depuis que je me suis joint \u00e0 P.A.L.,  nous serons l\u00e0 les uns pour les autres, m\u00eame aux heures les plus sombres. \u00bb<br \/>\n<cite>Giovanni Iuliani, membre communautaire<\/cite><\/p><\/blockquote>\n<blockquote><p>\u00ab Sous le toit de P.A.L. m\u2019a donn\u00e9 un endroit s\u00e9curitaire o\u00f9 vivre.  Mon \u00e9tat d\u2019esprit s\u2019est am\u00e9lior\u00e9 et je suis devenu plus autonome.  Cela m\u2019a donn\u00e9 de la stabilit\u00e9 et m\u2019a d\u00e9barrass\u00e9 de l\u2019anxi\u00e9t\u00e9 de ne pas avoir d\u2019endroit o\u00f9 demeurer. \u00bb<br \/>\n<cite>Michael<\/cite><\/p><\/blockquote>\n<blockquote><p>\u00ab \u00c0 Logi-P.A.L., nous vivons en harmonie.  C\u2019est un milieu de vie paisible.  Vivre \u00e0 Logi-P.A.L. m\u2019a permis de parfaire mon \u00e9ducation, m\u2019a aid\u00e9 du c\u00f4t\u00e9 financier et m\u2019a donn\u00e9 un mode de vie autonome.  Je prends deux ou trois repas sant\u00e9 par jour.  C\u2019est un quartier tranquille et je dors bien la nuit. \u00bb<br \/>\n<cite>Laurent Dupuis<\/cite><\/p><\/blockquote>\n<blockquote><p>\u00ab Mon s\u00e9jour  m\u2019a permis de mieux comprendre mes capacit\u00e9s et incapacit\u00e9s caus\u00e9 par ma maladie et les nombreux effets secondaires de la m\u00e9dication. La pr\u00e9sence de B\u00e9atrice et Steven ont \u00e9t\u00e9 d\u2019un aide incomparable et cela sans jugement.  J\u2019ai r\u00e9ussi \u00e0 cr\u00e9er des liens avec les autres r\u00e9sidents, cela m\u2019aide \u00e0 continuer. Je tiens \u00e0 remercier tous le personnel du Projet P.A.L., pour votre implication et votre d\u00e9vouement. \u00bb<br \/>\n<cite>Nicole Gauthier<\/cite><\/p><\/blockquote>\n<blockquote><p>\u00ab J&rsquo;habite aux appartements partag\u00e9s de CAP depuis un peu plus d&rsquo;un an. Apr\u00e8s des soins appropri\u00e9s j&rsquo;ai retrouv\u00e9 mon autonomie et ma joie de vivre. J&rsquo;ai eu le go\u00fbt de relever de nouveaux d\u00e9fis, de joindre des ateliers de retour au travail en plus de l&rsquo;atelier que je donne \u00e0 P.A.L. et de poursuivre mes objectifs. L&rsquo;\u00e9change, le partage avec un colocataire m&rsquo;ont donn\u00e9 l&rsquo;occasion d&rsquo;enrichir ma vie quotidienne dans des activit\u00e9s int\u00e9ressantes. \u00bb<br \/>\n<cite>Chantal Bouffard<\/cite><\/p><\/blockquote>\n<blockquote><p>\u00ab  Je participe au comit\u00e9 anti-pauvret\u00e9 depuis septembre.  Cela m\u2019a permis  de mieux comprendre les effets de la pauvret\u00e9 dans notre soci\u00e9t\u00e9.  Ma participation  m\u2019a non seulement aid\u00e9e \u00e0 mieux comprendre elle m\u2019a aussi permis de faire part de mes id\u00e9es, mes questions et mes arguments. \u00bb<br \/>\n<cite>V\u00e9ronique Carli<\/cite><\/p><\/blockquote>\n<blockquote><p>\u00ab Faire partie de ce groupe m\u2019a donn\u00e9 de la force et a donn\u00e9 au groupe la force  de se battre pour d\u00e9fendre les droits des plus vuln\u00e9rables. \u00bb<br \/>\n<cite>Denis Savoie<\/cite><\/p><\/blockquote>\n","protected":false},"excerpt":{"rendered":"<p>\u00ab Le fait de servir des repas \u00e0 P.A.L. me donne une raison d\u2019\u00eatre, un sentiment d\u2019\u00eatre utile. Cela me fait sortir de ma solitude. J\u2019ai l\u2019impression que depuis que je me suis joint \u00e0 P.A.L., nous serons l\u00e0 les uns pour les autres, m\u00eame aux heures les plus sombres. \u00bb Giovanni Iuliani, membre communautaire [&hellip;]<\/p>\n","protected":false},"author":4,"featured_media":465,"parent":0,"menu_order":5,"comment_status":"closed","ping_status":"closed","template":"","meta":{"footnotes":""},"class_list":["post-340","page","type-page","status-publish","has-post-thumbnail","hentry"],"_links":{"self":[{"href":"https:\/\/www.projetpal.com\/fr\/wp-json\/wp\/v2\/pages\/340","targetHints":{"allow":["GET"]}}],"collection":[{"href":"https:\/\/www.projetpal.com\/fr\/wp-json\/wp\/v2\/pages"}],"about":[{"href":"https:\/\/www.projetpal.com\/fr\/wp-json\/wp\/v2\/types\/page"}],"author":[{"embeddable":true,"href":"https:\/\/www.projetpal.com\/fr\/wp-json\/wp\/v2\/users\/4"}],"replies":[{"embeddable":true,"href":"https:\/\/www.projetpal.com\/fr\/wp-json\/wp\/v2\/comments?post=340"}],"version-history":[{"count":4,"href":"https:\/\/www.projetpal.com\/fr\/wp-json\/wp\/v2\/pages\/340\/revisions"}],"predecessor-version":[{"id":2092,"href":"https:\/\/www.projetpal.com\/fr\/wp-json\/wp\/v2\/pages\/340\/revisions\/2092"}],"wp:featuredmedia":[{"embeddable":true,"href":"https:\/\/www.projetpal.com\/fr\/wp-json\/wp\/v2\/media\/465"}],"wp:attachment":[{"href":"https:\/\/www.projetpal.com\/fr\/wp-json\/wp\/v2\/media?parent=340"}],"curies":[{"name":"wp","href":"https:\/\/api.w.org\/{rel}","templated":true}]}}