{"id":337,"date":"2015-10-30T14:47:56","date_gmt":"2015-10-30T18:47:56","guid":{"rendered":"http:\/\/aaa.phil-dev.ca\/fr\/get-involved\/become-a-member\/"},"modified":"2016-12-19T12:40:23","modified_gmt":"2016-12-19T17:40:23","slug":"devenir-membre","status":"publish","type":"page","link":"https:\/\/www.projetpal.com\/fr\/impliquez-vous\/devenir-membre\/","title":{"rendered":"Comment devenir membre de P.A.L. ?"},"content":{"rendered":"<p><img loading=\"lazy\" decoding=\"async\" class=\"alignleft size-full wp-image-608\" src=\"https:\/\/projetpal.com\/wp-content\/uploads\/2015\/10\/Devenir-Membre.jpg\" alt=\"Devenir Membre\" width=\"142\" height=\"190\" \/>Il vous suffit de vous pr\u00e9senter au centre communautaire (Drop-in). Deux intervenants sont sur place pour vous accueillir, r\u00e9pondre \u00e0 vos questions, vous inscrire et vous remettre votre carte de membre. La carte de membre co\u00fbte 2 $ pour les membres participants et 5 $ pour les membres communautaires, pour une ann\u00e9e qui se termine le 31 mars.<\/p>\n<p>Vous \u00eates aussi invit\u00e9 \u00e0 participer \u00e0 l\u2019une de nos sessions d\u2019accueil et d\u2019orientation des nouveaux membres. C\u2019est une occasion pour tous d\u2019en apprendre d\u2019avantage sur les services et activit\u00e9s de P.A.L.<\/p>\n<p>Consultez l\u2019horaire mensuel pour conna\u00eetre nos heures d\u2019ouverture et le moment o\u00f9 se tient la session d\u2019accueil et d\u2019orientation des nouveaux membres.<\/p>\n","protected":false},"excerpt":{"rendered":"<p>Il vous suffit de vous pr\u00e9senter au centre communautaire (Drop-in). Deux intervenants sont sur place pour vous accueillir, r\u00e9pondre \u00e0 vos questions, vous inscrire et vous remettre votre carte de membre. La carte de membre co\u00fbte 2 $ pour les membres participants et 5 $ pour les membres communautaires, pour une ann\u00e9e qui se termine [&hellip;]<\/p>\n","protected":false},"author":4,"featured_media":0,"parent":336,"menu_order":1,"comment_status":"closed","ping_status":"closed","template":"","meta":{"footnotes":""},"class_list":["post-337","page","type-page","status-publish","hentry"],"_links":{"self":[{"href":"https:\/\/www.projetpal.com\/fr\/wp-json\/wp\/v2\/pages\/337","targetHints":{"allow":["GET"]}}],"collection":[{"href":"https:\/\/www.projetpal.com\/fr\/wp-json\/wp\/v2\/pages"}],"about":[{"href":"https:\/\/www.projetpal.com\/fr\/wp-json\/wp\/v2\/types\/page"}],"author":[{"embeddable":true,"href":"https:\/\/www.projetpal.com\/fr\/wp-json\/wp\/v2\/users\/4"}],"replies":[{"embeddable":true,"href":"https:\/\/www.projetpal.com\/fr\/wp-json\/wp\/v2\/comments?post=337"}],"version-history":[{"count":3,"href":"https:\/\/www.projetpal.com\/fr\/wp-json\/wp\/v2\/pages\/337\/revisions"}],"predecessor-version":[{"id":1091,"href":"https:\/\/www.projetpal.com\/fr\/wp-json\/wp\/v2\/pages\/337\/revisions\/1091"}],"up":[{"embeddable":true,"href":"https:\/\/www.projetpal.com\/fr\/wp-json\/wp\/v2\/pages\/336"}],"wp:attachment":[{"href":"https:\/\/www.projetpal.com\/fr\/wp-json\/wp\/v2\/media?parent=337"}],"curies":[{"name":"wp","href":"https:\/\/api.w.org\/{rel}","templated":true}]}}