{"id":336,"date":"2015-10-30T14:47:32","date_gmt":"2015-10-30T18:47:32","guid":{"rendered":"http:\/\/aaa.phil-dev.ca\/fr\/get-involved\/"},"modified":"2016-12-19T12:40:19","modified_gmt":"2016-12-19T17:40:19","slug":"impliquez-vous","status":"publish","type":"page","link":"https:\/\/www.projetpal.com\/fr\/impliquez-vous\/","title":{"rendered":"Impliquez-vous"},"content":{"rendered":"<h3 class=\"yellow\">Devenez membres de P.A.L. !<\/h3>\n<p>Projet P.A.L. ne travaille pas avec des clients ou des usagers, il travaille plut\u00f4t avec des membres qui s\u2019impliquent activement et sont les principaux b\u00e9n\u00e9voles de l\u2019organisme.<\/p>\n<p>Il y a trois cat\u00e9gories de membres :<\/p>\n<div class=\"row grey\" style=\"\"> <img loading=\"lazy\" decoding=\"async\" class=\"alignleft size-full wp-image-440 rounded invImg\" src=\"https:\/\/projetpal.com\/wp-content\/uploads\/2015\/11\/member-participant.jpg\" alt=\"PAL Participant Member \" width=\"200\" height=\"250\" \/><\/p>\n<h4>Membre-participant<\/h4>\n<p>Un membre-participant est une personne qui est\/ a \u00e9t\u00e9 suivie en sant\u00e9 mentale ou qui vit\/ a v\u00e9cu une souffrance \u00e9motionnelle ou psychologique causant\/ ayant caus\u00e9 une perturbation dans son fonctionnement quotidien. Cette cat\u00e9gorie de membres doit participer activement et redonner \u00e0 l\u2019organisme.<\/p>\n<p class=\"textCenter space btn btn-blue\"><a href=\"https:\/\/projetpal.com\/fr\/impliquez-vous\/devenir-membre\/\">Devenir membre<\/a> <\/div>\n<div class=\"row grey\" style=\"\"> <img loading=\"lazy\" decoding=\"async\" class=\"alignleft size-full wp-image-436 rounded invImg\" src=\"https:\/\/projetpal.com\/wp-content\/uploads\/2015\/11\/member-community.jpg\" alt=\"PAL Community Member\" width=\"200\" height=\"250\" \/><\/p>\n<h4>Membre-communautaire<\/h4>\n<p>Un membre-communautaire est une personne de la communaut\u00e9 qui est empathique envers l&rsquo;organisme et\/ou qui donne b\u00e9n\u00e9volement de son temps \u00e0 l&rsquo;organisme.<\/p>\n<p class=\"textCenter space btn btn-blue\"><a href=\"https:\/\/projetpal.com\/fr\/impliquez-vous\/devenir-membre\/\">Devenir membre<\/a> <\/div>\n<div class=\"row grey\" style=\"\"> <img loading=\"lazy\" decoding=\"async\" class=\"alignleft size-full wp-image-438 rounded invImg\" src=\"https:\/\/projetpal.com\/wp-content\/uploads\/2015\/11\/member-employee.jpg\" alt=\"PAL Employee Member\" width=\"200\" height=\"250\" \/><\/p>\n<h4>Membre-employ\u00e9<\/h4>\n<p>Un membre-employ\u00e9 est un employ\u00e9 salari\u00e9 \u00e0 l&#8217;emploi du Projet P.A.L. et le coordonnateur de l&rsquo;organisme.<\/p>\n<p class=\"textCenter space btn btn-blue\"><a href=\"https:\/\/projetpal.com\/fr\/impliquez-vous\/devenir-membre\/\">Devenir membre<\/a> <\/div>\n<p>* Seuls les membres-participant et les membres-communautaires ont droit de vote, tel que stipul\u00e9 dans les R\u00e8glements g\u00e9n\u00e9raux. Tous les membres de Projet P.A.L. sont encourag\u00e9s \u00e0 \u00eatre actifs et \u00e0 donner b\u00e9n\u00e9volement de leur temps.<\/p>\n<h3 class=\"yellow\">Il y a bien des fa\u00e7ons de s\u2019impliquer, telles que :<\/h3>\n<div class=\"large-6 columns\" style=\"\"> \n<p>Pr\u00e9parer le repas communautaire hebdomadaire.<\/p>\n<p>Faire partie de la Chorale de P.A.L.<\/p>\n<p>Joindre le <em>Groupe d\u2019action citoyenne<\/em>.<\/p>\n<p>Contribuer \u00e0 l\u2019\u00e9criture cr\u00e9ative, la po\u00e9sie ou l\u2019art dans le Journal de P.A.L.<\/p>\n<p>Joindre le Comit\u00e9 anti-pauvret\u00e9.<\/p>\n <\/div>\n<div class=\"large-6 columns\" style=\"\"> \n<p>Devenir membre du Conseil d\u2019administration.<\/p>\n<p>Devenir porte-parole de la sant\u00e9 mentale dans le programme de recrutement.<\/p>\n<p>Devenir un activiste pour P.A.L. et ses partenaires communautaires pour d\u00e9fendre des situations d\u2019injustice.<\/p>\n<p>Consultez le calendrier mensuel des activit\u00e9s pour voir quand auront lieu les sessions d\u2019information.<\/p>\n <\/div>\n<div class=\"rowButtons\">\n<h3 class=\"textCenter yellow\">Les rencontres du groupe anti-pauvret\u00e9 et bien d\u2019autres fa\u00e7ons de participer, s\u2019engager et s\u2019autonomiser !<\/h3>\n<p class=\"textCenter space btn btn-blue\"><a href=\"https:\/\/projetpal.com\/fr\/impliquez-vous\/\">Impliquez-vous<\/a><\/p>\n<\/div>\n","protected":false},"excerpt":{"rendered":"<p>Devenez membres de P.A.L. ! Projet P.A.L. ne travaille pas avec des clients ou des usagers, il travaille plut\u00f4t avec des membres qui s\u2019impliquent activement et sont les principaux b\u00e9n\u00e9voles de l\u2019organisme. Il y a trois cat\u00e9gories de membres : * Seuls les membres-participant et les membres-communautaires ont droit de vote, tel que stipul\u00e9 dans [&hellip;]<\/p>\n","protected":false},"author":4,"featured_media":416,"parent":0,"menu_order":4,"comment_status":"closed","ping_status":"closed","template":"","meta":{"footnotes":""},"class_list":["post-336","page","type-page","status-publish","has-post-thumbnail","hentry"],"_links":{"self":[{"href":"https:\/\/www.projetpal.com\/fr\/wp-json\/wp\/v2\/pages\/336","targetHints":{"allow":["GET"]}}],"collection":[{"href":"https:\/\/www.projetpal.com\/fr\/wp-json\/wp\/v2\/pages"}],"about":[{"href":"https:\/\/www.projetpal.com\/fr\/wp-json\/wp\/v2\/types\/page"}],"author":[{"embeddable":true,"href":"https:\/\/www.projetpal.com\/fr\/wp-json\/wp\/v2\/users\/4"}],"replies":[{"embeddable":true,"href":"https:\/\/www.projetpal.com\/fr\/wp-json\/wp\/v2\/comments?post=336"}],"version-history":[{"count":4,"href":"https:\/\/www.projetpal.com\/fr\/wp-json\/wp\/v2\/pages\/336\/revisions"}],"predecessor-version":[{"id":2897,"href":"https:\/\/www.projetpal.com\/fr\/wp-json\/wp\/v2\/pages\/336\/revisions\/2897"}],"wp:featuredmedia":[{"embeddable":true,"href":"https:\/\/www.projetpal.com\/fr\/wp-json\/wp\/v2\/media\/416"}],"wp:attachment":[{"href":"https:\/\/www.projetpal.com\/fr\/wp-json\/wp\/v2\/media?parent=336"}],"curies":[{"name":"wp","href":"https:\/\/api.w.org\/{rel}","templated":true}]}}