{"id":326,"date":"2015-10-30T14:45:59","date_gmt":"2015-10-30T18:45:59","guid":{"rendered":"http:\/\/aaa.phil-dev.ca\/fr\/programs\/centre-communautaire\/"},"modified":"2016-12-19T12:36:08","modified_gmt":"2016-12-19T17:36:08","slug":"centre-communautaire","status":"publish","type":"page","link":"https:\/\/www.projetpal.com\/fr\/programmes\/centre-communautaire\/","title":{"rendered":"Le centre communautaire (Drop in)"},"content":{"rendered":"<h3 class=\"textCenter\">Le centre communautaire est un chez-soi pour plusieurs de nos membres. Parfois espace de s\u00e9r\u00e9nit\u00e9 et de r\u00e9flexion o\u00f9 partager un caf\u00e9 entre amis, parfois endroit qui bourdonne d\u2019activit\u00e9.<\/h3>\n<p>Dans le respect de notre approche alternative d\u2019autonomisation des membres, toute la programmation et les activit\u00e9s sont d\u00e9termin\u00e9es par les membres lors des assembl\u00e9es des membres. Les membres et les nouvelles ou nouveaux venus peuvent rencontrer une animatrice ou un animateur qui les \u00e9coutera et leur permettra de trouver la solution \u00e0 leur probl\u00e8me ou les r\u00e9f\u00e8rera \u00e0 la ressource appropri\u00e9e.<\/p>\n<p><img loading=\"lazy\" decoding=\"async\" class=\"alignleft size-full wp-image-422\" src=\"https:\/\/projetpal.com\/wp-content\/uploads\/2015\/10\/PAL_dropin-kitchen-400x400.jpg\" alt=\"The Drop In Center\" width=\"400\" height=\"400\" srcset=\"https:\/\/www.projetpal.com\/wp-content\/uploads\/2015\/10\/PAL_dropin-kitchen-400x400.jpg 400w, https:\/\/www.projetpal.com\/wp-content\/uploads\/2015\/10\/PAL_dropin-kitchen-400x400-150x150.jpg 150w, https:\/\/www.projetpal.com\/wp-content\/uploads\/2015\/10\/PAL_dropin-kitchen-400x400-300x300.jpg 300w, https:\/\/www.projetpal.com\/wp-content\/uploads\/2015\/10\/PAL_dropin-kitchen-400x400-200x200.jpg 200w\" sizes=\"auto, (max-width: 400px) 100vw, 400px\" \/>Le centre communautaire c\u2019est aussi un lieu pour s\u2019amuser. Ici nous c\u00e9l\u00e9brons les \u00e9v\u00e9nements saisonniers, les anniversaires, la semaine de la sant\u00e9 mentale, la journ\u00e9e internationale des femmes, la f\u00eate des m\u00e8res, la f\u00eates des p\u00e8res et plusieurs autres occasions qui touchent la vie des membres. Il y a les sorties hebdomadaires dans la ville et d\u2019autres excursions telles que la cabane \u00e0 sucre, la journ\u00e9e des mus\u00e9es \u00e0 Ottawa, la cueillette de pommes ou une journ\u00e9e \u00e0 la campagne. \u00c9pluchette de bl\u00e9 d\u2019Inde, sorties aux quilles, soir\u00e9es cin\u00e9ma et les tr\u00e8s populaires repas communautaires hebdomadaires, permettent aux membres et \u00e0 l\u2019\u00e9quipe de passer de bons moments ensemble dans une ambiance d\u00e9contract\u00e9e.<\/p>\n<p>Les activit\u00e9s \u00e9ducatives et occupationnelles vont du cours de yoga \u00e0 la th\u00e9rapie par l\u2019art, l\u2019\u00e9criture du journal, le tamtam, la zooth\u00e9rapie et l\u2019appr\u00e9ciation de la musique. La musique est tr\u00e8s pr\u00e9sente dans le centre et les \u00ab jam sessions \u00bb r\u00e9guliers donnent \u00e0 chacun la chance d\u2019\u00eatre \u00e0 l\u2019avant-sc\u00e8ne. Une bonne voix n\u2019est pas un pr\u00e9requis, tout ce qu\u2019il faut c\u2019est le d\u00e9sir de chanter, de jouer d\u2019un instrument ou d\u2019agiter des maracas pour prendre part au plaisir. La chorale du Projet P.A.L. se rencontre deux fois par mois pour se pratiquer ici et elle offre des prestations \u00e0 P.A.L. et dans la communaut\u00e9.<\/p>\n<h3 class=\"textCenter yellow font\">Les nouvelles et nouveaux participants sont bienvenus<\/h3>\n<p>Au centre, on s\u2019assure que l\u2019anniversaire de chacun des membres soit c\u00e9l\u00e9br\u00e9, que No\u00ebl n\u2019a pas \u00e0 \u00eatre v\u00e9cu dans la solitude et qu\u2019un repas pris en bonne compagnie est tout simplement meilleur. Voil\u00e0 pourquoi tant de personnes consid\u00e8rent P.A.L. comme leur famille, comme leur chez-soi.<\/p>\n<div class=\"row rowButtons\">\n<p class=\"textCenter space btn btn-blue\"><a href=\"https:\/\/projetpal.com\/fr\/impliquez-vous\/devenir-membre\/\">Devenez membre<\/a><\/p>\n<p class=\"textCenter space btn btn-yelow\"><a href=\"https:\/\/projetpal.com\/fr\/impliquez-vous\/faire-un-don\/\">Faire un don<\/a><\/p>\n<\/div>\n","protected":false},"excerpt":{"rendered":"<p>Le centre communautaire est un chez-soi pour plusieurs de nos membres. Parfois espace de s\u00e9r\u00e9nit\u00e9 et de r\u00e9flexion o\u00f9 partager un caf\u00e9 entre amis, parfois endroit qui bourdonne d\u2019activit\u00e9. Dans le respect de notre approche alternative d\u2019autonomisation des membres, toute la programmation et les activit\u00e9s sont d\u00e9termin\u00e9es par les membres lors des assembl\u00e9es des membres. [&hellip;]<\/p>\n","protected":false},"author":4,"featured_media":2036,"parent":324,"menu_order":1,"comment_status":"closed","ping_status":"closed","template":"","meta":{"footnotes":""},"class_list":["post-326","page","type-page","status-publish","has-post-thumbnail","hentry"],"_links":{"self":[{"href":"https:\/\/www.projetpal.com\/fr\/wp-json\/wp\/v2\/pages\/326","targetHints":{"allow":["GET"]}}],"collection":[{"href":"https:\/\/www.projetpal.com\/fr\/wp-json\/wp\/v2\/pages"}],"about":[{"href":"https:\/\/www.projetpal.com\/fr\/wp-json\/wp\/v2\/types\/page"}],"author":[{"embeddable":true,"href":"https:\/\/www.projetpal.com\/fr\/wp-json\/wp\/v2\/users\/4"}],"replies":[{"embeddable":true,"href":"https:\/\/www.projetpal.com\/fr\/wp-json\/wp\/v2\/comments?post=326"}],"version-history":[{"count":3,"href":"https:\/\/www.projetpal.com\/fr\/wp-json\/wp\/v2\/pages\/326\/revisions"}],"predecessor-version":[{"id":1084,"href":"https:\/\/www.projetpal.com\/fr\/wp-json\/wp\/v2\/pages\/326\/revisions\/1084"}],"up":[{"embeddable":true,"href":"https:\/\/www.projetpal.com\/fr\/wp-json\/wp\/v2\/pages\/324"}],"wp:featuredmedia":[{"embeddable":true,"href":"https:\/\/www.projetpal.com\/fr\/wp-json\/wp\/v2\/media\/2036"}],"wp:attachment":[{"href":"https:\/\/www.projetpal.com\/fr\/wp-json\/wp\/v2\/media?parent=326"}],"curies":[{"name":"wp","href":"https:\/\/api.w.org\/{rel}","templated":true}]}}