{"id":323,"date":"2015-10-30T14:47:14","date_gmt":"2015-10-30T18:47:14","guid":{"rendered":"http:\/\/aaa.phil-dev.ca\/fr\/individual-aid-accompaniment\/"},"modified":"2016-12-19T12:38:23","modified_gmt":"2016-12-19T17:38:23","slug":"aide-accompagnement-individuel","status":"publish","type":"page","link":"https:\/\/www.projetpal.com\/fr\/programmes\/aide-accompagnement-individuel\/","title":{"rendered":"Le programme d\u2019aide &#038; accompagnement individuel"},"content":{"rendered":"<h3 class=\"textCenter\">Les d\u00e9fis de la vie quotidienne peuvent \u00eatre d\u00e9stabilisants pour une personne qui vit des probl\u00e8mes de sant\u00e9 mentale. Quand ces d\u00e9fis sont d\u00e9cupl\u00e9s par la pauvret\u00e9 et l\u2019exclusion sociale, ils peuvent sembler insurmontables.<\/h3>\n<p>Acc\u00e9der \u00e0 des services de sant\u00e9, d\u00e9poser une plainte m\u00e9dicale, parler \u00e0 un avocat de l\u2019aide juridique, r\u00e9gler un conflit avec un propri\u00e9taire ou un colocataire, ne sont pas des t\u00e2ches faciles pour personne. Elles sont particuli\u00e8rement p\u00e9nibles pour nos membres. L\u2019intervenante en aide et accompagnement offre une \u00e9coute active, des r\u00e9f\u00e9rences aux services appropri\u00e9s et de l\u2019accompagnement dans ces p\u00e9riodes difficiles. Il aidera la membre ou le membre \u00e0 identifier le probl\u00e8me et trouver des solutions par un plan d\u2019action \u00e9tape par \u00e9tape. C\u2019est la membre ou le membre qui d\u00e9cidera du rythme et du r\u00e9sultat escompt\u00e9, l\u2019intervenante est l\u00e0 pour aider la personne \u00e0 relever le d\u00e9fi et l\u2019accompagner jusqu\u2019\u00e0 la r\u00e9solution du probl\u00e8me.<\/p>\n<h3 class=\"textCenter yellow font\">Encore ici, l\u2019autonomisation des membres est primordiale<\/h3>\n<p>Lorsqu\u2019une ou un membre est incapable de faire face \u00e0 un d\u00e9fi, on lui offre notre compassion et des outils concrets pour l\u2019aider \u00e0 surmonter l\u2019obstacle. Si, par exemple, c\u2019est trop intimidant d\u2019imaginer confronter son psychiatre \u00e0 propos de son diagnostic ou son plan de traitement, on pourra utiliser le jeu de r\u00f4le pour arriver \u00e0 ses fins et d\u00e9velopper sa confiance en soi. Si une ou un membre vit un conflit avec une ou un autre membre, ou une ou un employ\u00e9, il peut en parler dans les d\u00e9tails, \u00e9laborer des strat\u00e9gies et \u00eatre accompagn\u00e9 par un travailleur ou une travailleuse s\u2019il le souhaite. Le but est l\u2019autonomisation des membres afin que les probl\u00e8mes du quotidien soient v\u00e9cus non comme des obstacles infranchissables mais plut\u00f4t comme des obstacles qui peuvent \u00eatre surmont\u00e9s avec courage et d\u00e9termination.<\/p>\n<div class=\"row rowButtons\">\n<p class=\"textCenter space btn btn-blue\"><a href=\"https:\/\/projetpal.com\/fr\/impliquez-vous\/devenir-membre\/\">Devenez membre<\/a><\/p>\n<p class=\"textCenter space btn btn-yelow\"><a href=\"https:\/\/projetpal.com\/fr\/impliquez-vous\/faire-un-don\/\">Faire un don<\/a><\/p>\n<\/div>\n","protected":false},"excerpt":{"rendered":"<p>Les d\u00e9fis de la vie quotidienne peuvent \u00eatre d\u00e9stabilisants pour une personne qui vit des probl\u00e8mes de sant\u00e9 mentale. Quand ces d\u00e9fis sont d\u00e9cupl\u00e9s par la pauvret\u00e9 et l\u2019exclusion sociale, ils peuvent sembler insurmontables. Acc\u00e9der \u00e0 des services de sant\u00e9, d\u00e9poser une plainte m\u00e9dicale, parler \u00e0 un avocat de l\u2019aide juridique, r\u00e9gler un conflit avec [&hellip;]<\/p>\n","protected":false},"author":4,"featured_media":206,"parent":324,"menu_order":4,"comment_status":"closed","ping_status":"closed","template":"","meta":{"footnotes":""},"class_list":["post-323","page","type-page","status-publish","has-post-thumbnail","hentry"],"_links":{"self":[{"href":"https:\/\/www.projetpal.com\/fr\/wp-json\/wp\/v2\/pages\/323","targetHints":{"allow":["GET"]}}],"collection":[{"href":"https:\/\/www.projetpal.com\/fr\/wp-json\/wp\/v2\/pages"}],"about":[{"href":"https:\/\/www.projetpal.com\/fr\/wp-json\/wp\/v2\/types\/page"}],"author":[{"embeddable":true,"href":"https:\/\/www.projetpal.com\/fr\/wp-json\/wp\/v2\/users\/4"}],"replies":[{"embeddable":true,"href":"https:\/\/www.projetpal.com\/fr\/wp-json\/wp\/v2\/comments?post=323"}],"version-history":[{"count":3,"href":"https:\/\/www.projetpal.com\/fr\/wp-json\/wp\/v2\/pages\/323\/revisions"}],"predecessor-version":[{"id":1087,"href":"https:\/\/www.projetpal.com\/fr\/wp-json\/wp\/v2\/pages\/323\/revisions\/1087"}],"up":[{"embeddable":true,"href":"https:\/\/www.projetpal.com\/fr\/wp-json\/wp\/v2\/pages\/324"}],"wp:featuredmedia":[{"embeddable":true,"href":"https:\/\/www.projetpal.com\/fr\/wp-json\/wp\/v2\/media\/206"}],"wp:attachment":[{"href":"https:\/\/www.projetpal.com\/fr\/wp-json\/wp\/v2\/media?parent=323"}],"curies":[{"name":"wp","href":"https:\/\/api.w.org\/{rel}","templated":true}]}}