{"id":322,"date":"2015-10-30T14:46:38","date_gmt":"2015-10-30T18:46:38","guid":{"rendered":"http:\/\/aaa.phil-dev.ca\/fr\/collective-community-action\/"},"modified":"2016-12-19T12:38:01","modified_gmt":"2016-12-19T17:38:01","slug":"programme-action-communautaire","status":"publish","type":"page","link":"https:\/\/www.projetpal.com\/fr\/programmes\/programme-action-communautaire\/","title":{"rendered":"Le programme d\u2019action communautaire"},"content":{"rendered":"<h3 class=\"textCenter\">Une personne peut \u00eatre confront\u00e9e \u00e0 des d\u00e9fis ou des injustices, il en est de m\u00eame pour une communaut\u00e9. Les droits collectifs des personnes qui vivent des probl\u00e8mes de sant\u00e9 mentale ne sont pas toujours respect\u00e9s.<\/h3>\n<p>Les enjeux de pauvret\u00e9 et d\u2019exclusion sociale abondent, le syst\u00e8me de sant\u00e9 est d\u00e9bord\u00e9 et les soins en sant\u00e9 mentale sont rarement consid\u00e9r\u00e9s comme une priorit\u00e9. Les services sociaux, le logement social et l\u2019aide juridique ont \u00e9t\u00e9 touch\u00e9s par des compressions budg\u00e9taires. Le co\u00fbt de la vie grimpe en fl\u00e8che mais les revenus de s\u00e9curit\u00e9 sociale demeurent nettement plus bas que le seuil de pauvret\u00e9. La hausse annuelle des frais de transport fait que les personnes vivant dans la pauvret\u00e9 doivent, par exemple, choisir entre se rendre \u00e0 un rendez-vous m\u00e9dical ou aller \u00e0 la banque alimentaire. Les deux sont n\u00e9cessaires mais le deux sont inabordables. Quand la sant\u00e9 et la survie sont en soi une bataille, comment peut-on lutter? La r\u00e9ponse est qu\u2019il faut lutter collectivement. Le programme d\u2019action communautaire est le forum o\u00f9 les membres peuvent se rallier, s\u2019impliquer dans l\u2019action collective et exercer leurs droits et privil\u00e8ges en tant que citoyens.<\/p>\n<h3 class=\"textCenter yellow font\">Projet P.A.L. est un organisme d\u00e9termin\u00e9, dont l\u2019objectif est de susciter la d\u00e9termination chez ses membres<\/h3>\n<p>Les moyens utilis\u00e9s pour atteindre cet objectif sont l\u2019\u00e9ducation populaire, les pressions politiques et les actions collectives concr\u00e8tes. Par exemple, autrefois les personnes qui avaient des probl\u00e8mes de sant\u00e9 mentale \u00e9taient le seul segment de population qui n\u2019avait pas le droit de choisir l\u2019institution d\u2019o\u00f9 elles souhaitaient recevoir des services de sant\u00e9, nous avons donc amorc\u00e9 un long combat contre cette politique. Contrecarrer cette pratique injuste et discriminatoire a n\u00e9cessit\u00e9 des ann\u00e9es de n\u00e9gociations, des conf\u00e9rences de presse et un recours collectif.<\/p>\n<p>Plus r\u00e9cemment, lors d\u2019une rencontre du comit\u00e9 anti-pauvret\u00e9, les membres de P.A.L. ont d\u00e9cid\u00e9 de s\u2019attaquer aux co\u00fbts prohibitifs du transport en commun. Comment peut-on \u00eatre une citoyenne ou un citoyen actif et engag\u00e9 si on ne peut pas se d\u00e9placer? Comment une personne peut-elle participer \u00e0 une rencontre de r\u00e9tablissement, une manifestation ou une entrevue d\u2019emploi si elle n\u2019a pas les moyens de se payer un billet d\u2019autobus? Ce comit\u00e9 de gens passionn\u00e9s a fait revivre le Mouvement collectif pour un transport public abordable, qui mobilise ses membres pour promouvoir le probl\u00e8me. Apr\u00e8s des r\u00e9unions strat\u00e9giques, des manifestions publiques et des rencontres avec des \u00e9lus, le comit\u00e9 organisateur collabore pr\u00e9sentement avec la Soci\u00e9t\u00e9 de transport de Montr\u00e9al (STM) et \u00e9tudie les possibilit\u00e9s de mise en place d\u2019une tarification sociale \u00e0 Montr\u00e9al. Nous demeurons d\u00e9termin\u00e9s et nous obtiendrons des r\u00e9sultats!<\/p>\n<p>Projet P.A.L. est fid\u00e8le \u00e0 sa mission d\u2019am\u00e9liorer la qualit\u00e9 de vie des personnes qui vivent des probl\u00e8mes de sant\u00e9 mentale : il est engag\u00e9 envers l\u2019individu, actif aupr\u00e8s de la collectivit\u00e9 et il se fait entendre des d\u00e9cideuses et d\u00e9cideurs, et de la soci\u00e9t\u00e9 en g\u00e9n\u00e9rale.<\/p>\n<div class=\"row rowButtons\">\n<p class=\"textCenter space btn btn-blue\"><a href=\"https:\/\/projetpal.com\/fr\/impliquez-vous\/devenir-membre\/\">Devenez membre<\/a><\/p>\n<p class=\"textCenter space btn btn-yelow\"><a href=\"https:\/\/projetpal.com\/fr\/impliquez-vous\/faire-un-don\/\">Faire un don<\/a><\/p>\n<\/div>\n","protected":false},"excerpt":{"rendered":"<p>Une personne peut \u00eatre confront\u00e9e \u00e0 des d\u00e9fis ou des injustices, il en est de m\u00eame pour une communaut\u00e9. Les droits collectifs des personnes qui vivent des probl\u00e8mes de sant\u00e9 mentale ne sont pas toujours respect\u00e9s. Les enjeux de pauvret\u00e9 et d\u2019exclusion sociale abondent, le syst\u00e8me de sant\u00e9 est d\u00e9bord\u00e9 et les soins en sant\u00e9 [&hellip;]<\/p>\n","protected":false},"author":4,"featured_media":1225,"parent":324,"menu_order":3,"comment_status":"closed","ping_status":"closed","template":"","meta":{"footnotes":""},"class_list":["post-322","page","type-page","status-publish","has-post-thumbnail","hentry"],"_links":{"self":[{"href":"https:\/\/www.projetpal.com\/fr\/wp-json\/wp\/v2\/pages\/322","targetHints":{"allow":["GET"]}}],"collection":[{"href":"https:\/\/www.projetpal.com\/fr\/wp-json\/wp\/v2\/pages"}],"about":[{"href":"https:\/\/www.projetpal.com\/fr\/wp-json\/wp\/v2\/types\/page"}],"author":[{"embeddable":true,"href":"https:\/\/www.projetpal.com\/fr\/wp-json\/wp\/v2\/users\/4"}],"replies":[{"embeddable":true,"href":"https:\/\/www.projetpal.com\/fr\/wp-json\/wp\/v2\/comments?post=322"}],"version-history":[{"count":3,"href":"https:\/\/www.projetpal.com\/fr\/wp-json\/wp\/v2\/pages\/322\/revisions"}],"predecessor-version":[{"id":1086,"href":"https:\/\/www.projetpal.com\/fr\/wp-json\/wp\/v2\/pages\/322\/revisions\/1086"}],"up":[{"embeddable":true,"href":"https:\/\/www.projetpal.com\/fr\/wp-json\/wp\/v2\/pages\/324"}],"wp:featuredmedia":[{"embeddable":true,"href":"https:\/\/www.projetpal.com\/fr\/wp-json\/wp\/v2\/media\/1225"}],"wp:attachment":[{"href":"https:\/\/www.projetpal.com\/fr\/wp-json\/wp\/v2\/media?parent=322"}],"curies":[{"name":"wp","href":"https:\/\/api.w.org\/{rel}","templated":true}]}}