{"id":321,"date":"2015-10-30T14:46:18","date_gmt":"2015-10-30T18:46:18","guid":{"rendered":"http:\/\/aaa.phil-dev.ca\/fr\/housing\/"},"modified":"2021-03-04T10:55:25","modified_gmt":"2021-03-04T15:55:25","slug":"services-hebergement","status":"publish","type":"page","link":"https:\/\/www.projetpal.com\/fr\/programmes\/services-hebergement\/","title":{"rendered":"Les services d\u2019h\u00e9bergement"},"content":{"rendered":"<h3 class=\"textCenter\">Le programme d\u2019h\u00e9bergement de Projet P.A.L. offre de l\u2019h\u00e9bergement abordable et confortable avec soutien communautaire au logement qui permet aux membres de r\u00e9int\u00e9grer la communaut\u00e9 ou de maintenir leur autonomie une fois leur r\u00e9int\u00e9gration compl\u00e9t\u00e9e.<\/h3>\n<p>Bien que chaque programme ait des crit\u00e8res et des objectifs diff\u00e9rents, tous sont fermement enracin\u00e9s dans l\u2019approche alternative; en d\u2019autres mots, cela veut dire que la personne est ma\u00eetresse de toutes ses d\u00e9cisions et qu\u2019elle est responsable de sa vie. Les intervenantes et intervenants offrent le cadre, les outils et beaucoup d\u2019encouragement.<\/p>\n<h3>Carrefour autonomie P.A.L. (CAP)<\/h3>\n<p>Carrefour autonomie P.A.L., ou CAP, est situ\u00e9 \u00e0 proximit\u00e9 du centre communautaire et des bureaux de Projet P.A.L. En 1986, un g\u00e9n\u00e9reux don de la Fondation McConnell nous a permis d\u2019acheter le triplex o\u00f9 la maison de transition, qui peut accueillir six r\u00e9sidentes et r\u00e9sidents, occupe le au rez-de-chauss\u00e9e. Le programme d\u2019une dur\u00e9e de six mois est con\u00e7u pour des personnes qui vivent une transition suite \u00e0 une p\u00e9riode difficile de leur vie et qui ont besoin d\u2019un suivi intensif. Une intervenante et un intervenant sont sur place le jour, en semaine, pour aider les r\u00e9sidentes et r\u00e9sidents \u00e0 atteindre les objectifs \u00e0 court terme qu\u2019ils se sont fix\u00e9s \u00e0 leur arriv\u00e9e. Les r\u00e9sidentes et r\u00e9sidents se partagent l\u2019entretien de des lieux, pr\u00e9parent les repas et participent aux r\u00e9unions hebdomadaires des r\u00e9sidents o\u00f9 ils partagent d\u00e9fis et r\u00e9ussites, et r\u00e8glent les conflits de cohabitation qu\u2019ils rencontrent. L\u2019intervenante et l\u2019intervenant offrent des suivis individuels aux r\u00e9sidentes et r\u00e9sidents et sont disponibles en tout temps pour les \u00e9couter et les soutenir dans leur parcours. Les r\u00e9sidentes et r\u00e9sidents sont encourag\u00e9s et peuvent \u00eatre accompagn\u00e9s pour aller participer aux activit\u00e9s de P.A.L. ou \u00e0 d\u2019autres aspects de la vie en collectivit\u00e9. Les r\u00e9sidentes et r\u00e9sidents qui s\u00e9journent \u00e0 CAP peuvent s\u2019attendre \u00e0 un suivi qui met l\u2019emphase sur des solutions concr\u00e8tes et qui les aidera \u00e0 passer au travers d\u2019une p\u00e9riode particuli\u00e8rement difficile.<\/p>\n<p>Pour plus de renseignements sur <strong>CAP<\/strong> ou si vous souhaitez faire application, veuillez nous contacter au 514 761-1351.<\/p>\n<h3>Sous le Toit de P.A.L.<\/h3>\n<p>Sous le toit de P.A.L. est une b\u00e2tisse de vingt huit logements sociaux qui est aussi situ\u00e9e tout pr\u00e8s du centre communautaire et des locaux de Projet P.A.L. Cette ressource d\u2019h\u00e9bergement offre du logement subventionn\u00e9 permanent et des services de soutien communautaire au logement. Bien que Sous le toit soit une entit\u00e9 autonome ayant son propre conseil d\u2019administration, c\u2019est P.A.L. qui en assume la gestion et offre les suivis. Les locataires de Sous le toit sont des personnes dont les difficult\u00e9s en sant\u00e9 mentale requi\u00e8rent un soutien r\u00e9gulier pour conserver leur autonomie dans la communaut\u00e9. Qu\u2019il soit question d\u2019hygi\u00e8ne personnelle ou domestique ou d\u2019isolement social, les locataires et leur intervenante ou intervenant mettent sur pied un plan d\u2019action \u00e0 long terme pour s\u2019occuper du probl\u00e8me. Tous les locataires de Sous le toit doivent s\u2019engager \u00e0 participer soit au fonctionnement et \u00e0 l\u2019entretien de la b\u00e2tisse, soit au Projet P.A.L., soit tout autre endroit dans la communaut\u00e9. Sous le toit de P.A.L. a prouv\u00e9 sans l\u2019ombre d\u2019un doute qu\u2019une personne confront\u00e9e \u00e0 des probl\u00e8mes de sant\u00e9 mentale qui vit dans un milieu s\u00e9curitaire, re\u00e7oit un suivi et fait partie d\u2019une communaut\u00e9 compatissante, peut et pourra s\u2019\u00e9panouir.<\/p>\n<p>Pour plus de renseignements sur <strong>Sous le Toit<\/strong> ou si vous souhaitez faire application, veuillez nous contacter au 514 508-1873.<\/p>\n<h3>Logi-P.A.L.<\/h3>\n<p>Fond\u00e9 en 1986, Logi-P.A.L. est autre projet autonome de logement social appuy\u00e9 par Projet P.A.L. Ce projet offre six unit\u00e9s subventionn\u00e9es \u00e0 des personnes qui ont besoin de suivi et soutien ponctuels. Une intervenantes et un intervenant de P.A.L. participent \u00e0 la gestion et soutiennent le conseil d\u2019administration. Il et elle sont aussi disponibles pour aider les locataires lorsque des emb\u00fbches se pr\u00e9sentent. Les locataires de Logi-P.A.L. g\u00e8rent le conseil d\u2019administration et sont responsables pour le fonctionnement g\u00e9n\u00e9ral de la b\u00e2tisse et son entretien. Une fois de plus, on ne peut que constater que la stabilit\u00e9 et le prix abordable de ces appartements ont des effets positifs et tangibles sur la sant\u00e9 des locataires!<\/p>\n<p>Depuis ses tout d\u00e9buts, Projet P.A.L. a \u00e9t\u00e9 un chef de file dans le d\u00e9veloppement de logements sociaux d\u00e9cents et abordables pour les personnes confront\u00e9es \u00e0 des probl\u00e8mes de sant\u00e9 mentale. Nos quarante ans d\u2019exp\u00e9rience t\u00e9moignent clairement du fait que ce n\u2019est pas la s\u00e9v\u00e9rit\u00e9 de la \u00abmaladie mentale \u00bb qui d\u00e9finit la sant\u00e9 et le r\u00e9tablissement d\u2019une personne. C\u2019est la richesse de sa communaut\u00e9 et son r\u00e9seau de soutien qui am\u00e8neront des changements positifs et durables. Avoir un toit au-dessus de la t\u00eate est simplement la premi\u00e8re \u00e9tape, l\u2019\u00e9tape essentielle.<\/p>\n<p>Pour plus de renseignements sur <strong>Logi-P.A.L.<\/strong> ou si vous souhaitez faire application, veuillez nous contacter au 514 761-1351.<\/p>\n<div class=\"row rowButtons\">\n<p class=\"textCenter space btn btn-blue\"><a href=\"https:\/\/projetpal.com\/fr\/impliquez-vous\/devenir-membre\/\">Devenez membre<\/a><\/p>\n<p class=\"textCenter space btn btn-yelow\"><a href=\"https:\/\/projetpal.com\/fr\/impliquez-vous\/faire-un-don\/\">Faire un don<\/a><\/p>\n<\/div>\n","protected":false},"excerpt":{"rendered":"<p>Le programme d\u2019h\u00e9bergement de Projet P.A.L. offre de l\u2019h\u00e9bergement abordable et confortable avec soutien communautaire au logement qui permet aux membres de r\u00e9int\u00e9grer la communaut\u00e9 ou de maintenir leur autonomie une fois leur r\u00e9int\u00e9gration compl\u00e9t\u00e9e. Bien que chaque programme ait des crit\u00e8res et des objectifs diff\u00e9rents, tous sont fermement enracin\u00e9s dans l\u2019approche alternative; en d\u2019autres [&hellip;]<\/p>\n","protected":false},"author":4,"featured_media":217,"parent":324,"menu_order":2,"comment_status":"closed","ping_status":"closed","template":"","meta":{"footnotes":""},"class_list":["post-321","page","type-page","status-publish","has-post-thumbnail","hentry"],"_links":{"self":[{"href":"https:\/\/www.projetpal.com\/fr\/wp-json\/wp\/v2\/pages\/321","targetHints":{"allow":["GET"]}}],"collection":[{"href":"https:\/\/www.projetpal.com\/fr\/wp-json\/wp\/v2\/pages"}],"about":[{"href":"https:\/\/www.projetpal.com\/fr\/wp-json\/wp\/v2\/types\/page"}],"author":[{"embeddable":true,"href":"https:\/\/www.projetpal.com\/fr\/wp-json\/wp\/v2\/users\/4"}],"replies":[{"embeddable":true,"href":"https:\/\/www.projetpal.com\/fr\/wp-json\/wp\/v2\/comments?post=321"}],"version-history":[{"count":6,"href":"https:\/\/www.projetpal.com\/fr\/wp-json\/wp\/v2\/pages\/321\/revisions"}],"predecessor-version":[{"id":2201,"href":"https:\/\/www.projetpal.com\/fr\/wp-json\/wp\/v2\/pages\/321\/revisions\/2201"}],"up":[{"embeddable":true,"href":"https:\/\/www.projetpal.com\/fr\/wp-json\/wp\/v2\/pages\/324"}],"wp:featuredmedia":[{"embeddable":true,"href":"https:\/\/www.projetpal.com\/fr\/wp-json\/wp\/v2\/media\/217"}],"wp:attachment":[{"href":"https:\/\/www.projetpal.com\/fr\/wp-json\/wp\/v2\/media?parent=321"}],"curies":[{"name":"wp","href":"https:\/\/api.w.org\/{rel}","templated":true}]}}