{"id":304,"date":"2015-10-30T14:45:24","date_gmt":"2015-10-30T18:45:24","guid":{"rendered":"http:\/\/aaa.phil-dev.ca\/fr\/who-we-are\/documentation\/"},"modified":"2024-07-23T15:15:49","modified_gmt":"2024-07-23T19:15:49","slug":"documentation","status":"publish","type":"page","link":"https:\/\/www.projetpal.com\/fr\/qui-sommes-nous\/documentation\/","title":{"rendered":"Documentation"},"content":{"rendered":"<p>&nbsp;<\/p>\n<p><a href=\"https:\/\/www.projetpal.com\/wp-content\/uploads\/2024\/07\/Rapport-annuel-23-24-8.pdf\">Rapport d&rsquo;activit\u00e9 2023-24<\/a><\/p>\n<p><a href=\"https:\/\/www.projetpal.com\/wp-content\/uploads\/2023\/07\/Rapport-annuel-FR.pdf\">Rapport d&rsquo;activit\u00e9 2022-23<\/a><\/p>\n<p><a href=\"https:\/\/www.projetpal.com\/wp-content\/uploads\/2022\/09\/FR-28P-Annual-Report-2021-2022-3.pdf\">Rapport d&rsquo;activit\u00e9 2021-22<\/a><\/p>\n<p><a href=\"https:\/\/www.projetpal.com\/wp-content\/uploads\/2021\/12\/Annual-Report-2020-FR.pdf\">Rapport d&rsquo;activit\u00e9 2020-21<\/a><\/p>\n<p><a href=\"https:\/\/www.projetpal.com\/wp-content\/uploads\/2021\/05\/Rapport-Annuel-2019-2020-FR.pdf\">Rapport d&rsquo;activit\u00e9 2019-20<\/a><\/p>\n<p><a href=\"https:\/\/www.projetpal.com\/wp-content\/uploads\/2019\/07\/Rapport-Annuel-2018-2019-FR.pdf\">Rapport d&rsquo;activit\u00e9 2018-19<\/a><\/p>\n<p><a href=\"https:\/\/www.projetpal.com\/wp-content\/uploads\/2018\/07\/FINAL-FR-rapport-annuel-2017-2018.pdf\">Rapport d&rsquo;activit\u00e9 2017-18<\/a><\/p>\n<p><a href=\"https:\/\/www.projetpal.com\/wp-content\/uploads\/2015\/10\/FINAL-FR.-Rapport-annuel-16-17.pdf\">Rapport d&rsquo;activit\u00e9 2016-17<\/a><\/p>\n<p><a href=\"https:\/\/projetpal.com\/wp-content\/uploads\/2015\/10\/FINAL-FR-rap.-annuel-15-16.pdf\">Rapport d&rsquo;activit\u00e9 2015-16<\/a><\/p>\n<p><a href=\"https:\/\/projetpal.com\/wp-content\/uploads\/2015\/10\/Rapport-d-activite-2014-15.pdf\">Rapport d&rsquo;activit\u00e9 2014-15<\/a><\/p>\n<p><a href=\"https:\/\/projetpal.com\/wp-content\/uploads\/2015\/10\/Rapport-d-activite-2013-14.pdf\">Rapport d&rsquo;activit\u00e9 2013-14<\/a><\/p>\n<p><a href=\"https:\/\/projetpal.com\/wp-content\/uploads\/2015\/11\/2014-Reglements-generaux-FR-juin-2014.pdf\">R\u00e8glements g\u00e9n\u00e9raux 2014<\/a><\/p>\n","protected":false},"excerpt":{"rendered":"<p>&nbsp; Rapport d&rsquo;activit\u00e9 2023-24 Rapport d&rsquo;activit\u00e9 2022-23 Rapport d&rsquo;activit\u00e9 2021-22 Rapport d&rsquo;activit\u00e9 2020-21 Rapport d&rsquo;activit\u00e9 2019-20 Rapport d&rsquo;activit\u00e9 2018-19 Rapport d&rsquo;activit\u00e9 2017-18 Rapport d&rsquo;activit\u00e9 2016-17 Rapport d&rsquo;activit\u00e9 2015-16 Rapport d&rsquo;activit\u00e9 2014-15 Rapport d&rsquo;activit\u00e9 2013-14 R\u00e8glements g\u00e9n\u00e9raux 2014<\/p>\n","protected":false},"author":4,"featured_media":0,"parent":300,"menu_order":4,"comment_status":"closed","ping_status":"closed","template":"","meta":{"footnotes":""},"class_list":["post-304","page","type-page","status-publish","hentry"],"_links":{"self":[{"href":"https:\/\/www.projetpal.com\/fr\/wp-json\/wp\/v2\/pages\/304","targetHints":{"allow":["GET"]}}],"collection":[{"href":"https:\/\/www.projetpal.com\/fr\/wp-json\/wp\/v2\/pages"}],"about":[{"href":"https:\/\/www.projetpal.com\/fr\/wp-json\/wp\/v2\/types\/page"}],"author":[{"embeddable":true,"href":"https:\/\/www.projetpal.com\/fr\/wp-json\/wp\/v2\/users\/4"}],"replies":[{"embeddable":true,"href":"https:\/\/www.projetpal.com\/fr\/wp-json\/wp\/v2\/comments?post=304"}],"version-history":[{"count":13,"href":"https:\/\/www.projetpal.com\/fr\/wp-json\/wp\/v2\/pages\/304\/revisions"}],"predecessor-version":[{"id":2863,"href":"https:\/\/www.projetpal.com\/fr\/wp-json\/wp\/v2\/pages\/304\/revisions\/2863"}],"up":[{"embeddable":true,"href":"https:\/\/www.projetpal.com\/fr\/wp-json\/wp\/v2\/pages\/300"}],"wp:attachment":[{"href":"https:\/\/www.projetpal.com\/fr\/wp-json\/wp\/v2\/media?parent=304"}],"curies":[{"name":"wp","href":"https:\/\/api.w.org\/{rel}","templated":true}]}}