{"id":303,"date":"2015-10-30T14:45:01","date_gmt":"2015-10-30T18:45:01","guid":{"rendered":"http:\/\/aaa.phil-dev.ca\/fr\/who-we-are\/useful-links\/"},"modified":"2023-05-05T14:27:51","modified_gmt":"2023-05-05T18:27:51","slug":"liens-utiles","status":"publish","type":"page","link":"https:\/\/www.projetpal.com\/fr\/qui-sommes-nous\/liens-utiles\/","title":{"rendered":"Liens utiles"},"content":{"rendered":"<h2>Nos regroupements et associations<\/h2>\n<p>Le Regroupement des ressources alternatives en sant\u00e9 mentale du Qu\u00e9bec (RRASMQ): regroupement de plus de 100 groupes communautaires alternatifs en sant\u00e9 mentale du Qu\u00e9bec.<br \/>\n<a href=\"http:\/\/www.rrasmq.com\/\" target=\"_blank\" rel=\"noopener\">www.rrasmq.com<\/a><\/p>\n<p>Le RACOR en sant\u00e9 mentale: regroupement de groupes communautaires en sant\u00e9 mentale de Montr\u00e9al.<br \/>\n<a href=\"http:\/\/racorsm.org\/\" target=\"_blank\" rel=\"noopener\">racorsm.org<\/a><\/p>\n<p>Le RIOCM: regroupement de tous les organismes communautaires de Montr\u00e9al.<br \/>\n<a href=\"http:\/\/www.riocm.ca\/\" target=\"_blank\" rel=\"noopener\">www.riocm.ca<\/a><\/p>\n<p>TROVEP: Table r\u00e9gionale des organismes volontaires d&rsquo;\u00e9ducation populaire de Montr\u00e9al.<br \/>\n<a href=\"http:\/\/trovepmontreal.org\/\">http:\/\/trovepmontreal.org\/<\/a><\/p>\n<p>La coalition main rouge: coalition qui s\u2019oppose aux mesures d\u2019aust\u00e9rit\u00e9 de notre gouvernement.<br \/>\n<a href=\"https:\/\/www.facebook.com\/Nonauxhausses\" target=\"_blank\" rel=\"noopener\">facebook.com\/Nonauxhausses<\/a><\/p>\n<p>La CASC: coalition qui s\u2019oppose aux coupures et r\u00e9formes de l\u2019aide sociale.<br \/>\n<a href=\"https:\/\/www.facebook.com\/cascquebec\" target=\"_blank\" rel=\"noopener\">facebook.com\/cascquebec<\/a><\/p>\n<p>Le mouvement collectif pour un transport public abordable : coalition qui vise \u00e0 cr\u00e9er une \u00ab\u00a0tarification sociale\u00a0\u00bb dans le transport en commun pour les personnes \u00e0 faible revenu.<br \/>\n<a href=\"https:\/\/www.facebook.com\/Mouvement-collectif-pour-un-transport-public-abordable-354248271356786\/\" target=\"_blank\" rel=\"noopener\">facebook.com\/Mouvement-collectif-pour-un-transport-public-abordable-354248271356786<\/a><\/p>\n<h2>Nos partenaires communautaires<\/h2>\n<p>L&rsquo;Autre maison: centre de crise local.<br \/>\n<a href=\"https:\/\/www.centredecrise.ca\/lautre-maison\">https:\/\/www.centredecrise.ca\/lautre-maison<\/a><\/p>\n<p>Projet suivi communautaire: groupe alternatif en sant\u00e9 mentale qui offre des suivis dans la communaut\u00e9.<br \/>\n<a href=\"http:\/\/projetsuivicommunautaire.com\/\" target=\"_blank\" rel=\"noopener\">projetsuivicommunautaire.com<\/a><\/p>\n<p>Groupe d&rsquo;entraide Lachine\/St-Pierre : groupe alternatif d\u2019entraide de Lachine.<br \/>\n<a href=\"http:\/\/www.grentraidelachine.ca\/\" target=\"_blank\" rel=\"noopener\">www.grentraidelachine.ca<\/a><\/p>\n<p>Expression Lasalle: groupe communautaire en sant\u00e9 mentale sp\u00e9cialis\u00e9 dans la th\u00e9rapie par l\u2019art.<br \/>\n<a href=\"http:\/\/www.expressionlasalletherapies.ca\/\" target=\"_blank\" rel=\"noopener\">www.expressionlasalletherapies.ca<\/a><\/p>\n<p>Prise II: groupe communautaire en sant\u00e9 mentale qui offre aux personnes vivant des probl\u00e8mes de sant\u00e9 mentale diff\u00e9rentes activit\u00e9s et services tels que suivi communautaire, th\u00e9rapies et cours.<br \/>\n<a href=\"https:\/\/prise2sm.org\/\">https:\/\/prise2sm.org\/<\/a><\/p>\n<p>Action autonomie: organisme r\u00e9gionale de d\u00e9fense des droits des personnes ayant des probl\u00e8mes de sant\u00e9 mentale.<br \/>\n<a href=\"http:\/\/www.actionautonomie.qc.ca\/\" target=\"_blank\" rel=\"noopener\">www.actionautonomie.qc.ca<\/a><\/p>\n<p>CACV (Comit\u00e9 d\u2019action des citoyens\/citoyennes de Verdun) : organisme local de d\u00e9fense des droits pour ce qui touche le logement.<br \/>\n<a href=\"http:\/\/cacv-verdun.org\/\" target=\"_blank\" rel=\"noopener\">cacv-verdun.org\/<\/a><\/p>\n<p>&nbsp;<\/p>\n<p>Blogue Chic chez vous: un blogue qui explore le sujet du vieillissement et de la sant\u00e9 mentale<\/p>\n<p><a href=\"https:\/\/blogchicchezvous.com\/\">https:\/\/blogchicchezvous.com\/<\/a><\/p>\n","protected":false},"excerpt":{"rendered":"<p>Nos regroupements et associations Le Regroupement des ressources alternatives en sant\u00e9 mentale du Qu\u00e9bec (RRASMQ): regroupement de plus de 100 groupes communautaires alternatifs en sant\u00e9 mentale du Qu\u00e9bec. www.rrasmq.com Le RACOR en sant\u00e9 mentale: regroupement de groupes communautaires en sant\u00e9 mentale de Montr\u00e9al. racorsm.org Le RIOCM: regroupement de tous les organismes communautaires de Montr\u00e9al. www.riocm.ca [&hellip;]<\/p>\n","protected":false},"author":4,"featured_media":0,"parent":300,"menu_order":3,"comment_status":"closed","ping_status":"closed","template":"","meta":{"footnotes":""},"class_list":["post-303","page","type-page","status-publish","hentry"],"_links":{"self":[{"href":"https:\/\/www.projetpal.com\/fr\/wp-json\/wp\/v2\/pages\/303","targetHints":{"allow":["GET"]}}],"collection":[{"href":"https:\/\/www.projetpal.com\/fr\/wp-json\/wp\/v2\/pages"}],"about":[{"href":"https:\/\/www.projetpal.com\/fr\/wp-json\/wp\/v2\/types\/page"}],"author":[{"embeddable":true,"href":"https:\/\/www.projetpal.com\/fr\/wp-json\/wp\/v2\/users\/4"}],"replies":[{"embeddable":true,"href":"https:\/\/www.projetpal.com\/fr\/wp-json\/wp\/v2\/comments?post=303"}],"version-history":[{"count":7,"href":"https:\/\/www.projetpal.com\/fr\/wp-json\/wp\/v2\/pages\/303\/revisions"}],"predecessor-version":[{"id":2637,"href":"https:\/\/www.projetpal.com\/fr\/wp-json\/wp\/v2\/pages\/303\/revisions\/2637"}],"up":[{"embeddable":true,"href":"https:\/\/www.projetpal.com\/fr\/wp-json\/wp\/v2\/pages\/300"}],"wp:attachment":[{"href":"https:\/\/www.projetpal.com\/fr\/wp-json\/wp\/v2\/media?parent=303"}],"curies":[{"name":"wp","href":"https:\/\/api.w.org\/{rel}","templated":true}]}}