{"id":301,"date":"2015-10-30T14:44:07","date_gmt":"2015-10-30T18:44:07","guid":{"rendered":"http:\/\/aaa.phil-dev.ca\/fr\/who-we-are\/history\/"},"modified":"2016-12-19T12:34:57","modified_gmt":"2016-12-19T17:34:57","slug":"notre-histoire","status":"publish","type":"page","link":"https:\/\/www.projetpal.com\/fr\/qui-sommes-nous\/notre-histoire\/","title":{"rendered":"Notre histoire"},"content":{"rendered":"<p><img loading=\"lazy\" decoding=\"async\" class=\"aligncenter size-large wp-image-260\" src=\"https:\/\/projetpal.com\/wp-content\/uploads\/2015\/10\/PAL_History-1920x800-1024x427.jpg\" alt=\"History of Project PAL\" width=\"860\" height=\"359\" srcset=\"https:\/\/www.projetpal.com\/wp-content\/uploads\/2015\/10\/PAL_History-1920x800-1024x427.jpg 1024w, https:\/\/www.projetpal.com\/wp-content\/uploads\/2015\/10\/PAL_History-1920x800-300x125.jpg 300w, https:\/\/www.projetpal.com\/wp-content\/uploads\/2015\/10\/PAL_History-1920x800-400x167.jpg 400w, https:\/\/www.projetpal.com\/wp-content\/uploads\/2015\/10\/PAL_History-1920x800.jpg 1920w\" sizes=\"auto, (max-width: 860px) 100vw, 860px\" \/><\/p>\n<p>Projet P.A.L. a \u00e9t\u00e9 cr\u00e9\u00e9 en 1975 par un groupe d\u2019ex-patientes et ex-patients psychiatriques et une travailleuse sociale de l\u2019h\u00f4pital Douglas. \u00c0 cette \u00e9poque, le syst\u00e8me de sant\u00e9 qu\u00e9b\u00e9cois vivait une forte vague de d\u00e9sinstitutionnalisation. Pendant des d\u00e9cennies, les \u00ab malades mentaux \u00bb avaient \u00e9t\u00e9 hospitalis\u00e9s dans des pavillons surpeupl\u00e9s et recevaient des traitements m\u00e9dicaux que l\u2019on consid\u00e8re aujourd\u2019hui cruels et invasifs. Les droits de ces personnes \u00e9taient souvent bafou\u00e9s et elles n\u2019avaient que peu de recours pour s\u2019y opposer. Lorsque le gouvernement a d\u00e9cid\u00e9 de fermer ces pavillons, les patientes et patients se sont retrouv\u00e9s devant rien et, de toute \u00e9vidence, bien mal pr\u00e9par\u00e9s \u00e0 vivre dans la communaut\u00e9. Les traitements que l\u2019on pr\u00e9conisait alors incluaient les \u00e9lectrochocs, le contr\u00f4le par la contrainte et l\u2019isolement, et l\u2019administration de fortes doses de m\u00e9dicaments antipsychotiques. Ces dangereuses pratiques avaient des effets d\u00e9sastreux sur la sant\u00e9 g\u00e9n\u00e9rale et le bien-\u00eatre des patientes et patientes et, bien s\u00fbr, sur leur autonomie.<\/p>\n<p>Dans la communaut\u00e9, ils n\u2019\u00e9taient plus des \u00ab malades mentaux \u00bb mais bien des individus qui vivaient des probl\u00e8mes de sant\u00e9 mentale. Constatant la perte de leur autonomie et leur manque de comp\u00e9tences de base n\u00e9cessaires \u00e0 la vie quotidienne, un groupe d\u2019ex-patientes et ex-patients psychiatriques soutenu par une travailleuse sociale a mis sur pied un organisme communautaire qui privil\u00e9giait une approche alternative en sant\u00e9 mentale. Le fondement de la philosophie alternative \u00e9tait de reconna\u00eetre que c\u2019est la personne elle-m\u00eame qui doit \u00eatre au centre de toute d\u00e9cision concernant son bien-\u00eatre. Le groupe a donc d\u00e9cid\u00e9 de mettre cette philosophie en pratique en demandant aux personnes de devenir des membres plut\u00f4t que des usag\u00e8res ou usagers de l\u2019organisme : Projet P.A.L., ce serait eux. Les membres seraient responsables du fonctionnement quotidien, des pratiques et de la direction de cette nouvelle entit\u00e9 qu\u2019ils ont nomm\u00e9e Projet P.A.L. (Programme d\u2019aide au logement). Le grand besoin d\u2019h\u00e9bergement dans la communaut\u00e9 \u00e9tait la priorit\u00e9 absolue. On a donc \u00e9tabli des contacts avec des propri\u00e9taires tout en conscientisant et informant une communaut\u00e9 r\u00e9calcitrante pour une meilleure connaissance de la sant\u00e9 mentale. C\u2019est ainsi que Projet P.A.L. a d\u00e9but\u00e9 son r\u00f4le de chef de file dans la communaut\u00e9 de la sant\u00e9 mentale et au premier rang se trouvaient ses chefs, les membres participants.<\/p>\n<p>Quarante ans ont pass\u00e9 et, bien que l\u2019organisme ait beaucoup \u00e9volu\u00e9 depuis, une valeur fondamentale demeure constante : le conseil d\u2019administration de Projet P.A.L. est compos\u00e9 d\u2019une majorit\u00e9 de membres participants, des personnes qui vivent avec des probl\u00e8mes de sant\u00e9 mentale. Les administratrices et administrateurs ont le dernier mot pour tout ce qui touche les membres, ce sont elles et eux les experts, leur exp\u00e9rience est pr\u00e9cieuse. L\u2019assembl\u00e9e des membres est anim\u00e9e par des membres participants ; on y discute et vote sur toutes sortes de sujets qui affectent les politiques et la programmation du centre communautaire (drop in). Ce qui compte, c\u2019est leur voix, leur vote. Majoritaires au sein de tous les comit\u00e9s, les membres participants sont \u00e0 la barre alors que les employ\u00e9s sont l\u00e0 pour les guider et les soutenir. Les nouvelles r\u00e9sidentes et nouveaux r\u00e9sidents sont accept\u00e9s dans les programmes d\u2019h\u00e9bergement par les r\u00e9sidentes et r\u00e9sidents actuels. Leurs opinions ne sont pas seulement consid\u00e9r\u00e9es, elles sont essentielles.<\/p>\n<p>Depuis ses premiers jours, Projet P.A.L. a toujours promu l\u2019inclusion et la participation des membres \u00e0 tous les niveaux de l\u2019organisme. Notre philosophie et notre approche alternative encouragent nos membres \u00e0 prendre des d\u00e9cisions pour tout ce qui concerne leur vie, \u00e0 am\u00e9liorer leurs comp\u00e9tences de base et du m\u00eame coup, am\u00e9liorer leur estime de soi et leur capacit\u00e9 de prise en charge. Nous avons \u00e9t\u00e9 t\u00e9moins de son succ\u00e8s depuis nos tout d\u00e9buts!<\/p>\n","protected":false},"excerpt":{"rendered":"<p>Projet P.A.L. a \u00e9t\u00e9 cr\u00e9\u00e9 en 1975 par un groupe d\u2019ex-patientes et ex-patients psychiatriques et une travailleuse sociale de l\u2019h\u00f4pital Douglas. \u00c0 cette \u00e9poque, le syst\u00e8me de sant\u00e9 qu\u00e9b\u00e9cois vivait une forte vague de d\u00e9sinstitutionnalisation. Pendant des d\u00e9cennies, les \u00ab malades mentaux \u00bb avaient \u00e9t\u00e9 hospitalis\u00e9s dans des pavillons surpeupl\u00e9s et recevaient des traitements m\u00e9dicaux [&hellip;]<\/p>\n","protected":false},"author":4,"featured_media":0,"parent":300,"menu_order":1,"comment_status":"closed","ping_status":"closed","template":"","meta":{"footnotes":""},"class_list":["post-301","page","type-page","status-publish","hentry"],"_links":{"self":[{"href":"https:\/\/www.projetpal.com\/fr\/wp-json\/wp\/v2\/pages\/301","targetHints":{"allow":["GET"]}}],"collection":[{"href":"https:\/\/www.projetpal.com\/fr\/wp-json\/wp\/v2\/pages"}],"about":[{"href":"https:\/\/www.projetpal.com\/fr\/wp-json\/wp\/v2\/types\/page"}],"author":[{"embeddable":true,"href":"https:\/\/www.projetpal.com\/fr\/wp-json\/wp\/v2\/users\/4"}],"replies":[{"embeddable":true,"href":"https:\/\/www.projetpal.com\/fr\/wp-json\/wp\/v2\/comments?post=301"}],"version-history":[{"count":3,"href":"https:\/\/www.projetpal.com\/fr\/wp-json\/wp\/v2\/pages\/301\/revisions"}],"predecessor-version":[{"id":1083,"href":"https:\/\/www.projetpal.com\/fr\/wp-json\/wp\/v2\/pages\/301\/revisions\/1083"}],"up":[{"embeddable":true,"href":"https:\/\/www.projetpal.com\/fr\/wp-json\/wp\/v2\/pages\/300"}],"wp:attachment":[{"href":"https:\/\/www.projetpal.com\/fr\/wp-json\/wp\/v2\/media?parent=301"}],"curies":[{"name":"wp","href":"https:\/\/api.w.org\/{rel}","templated":true}]}}