{"id":300,"date":"2015-10-30T14:43:48","date_gmt":"2015-10-30T18:43:48","guid":{"rendered":"http:\/\/aaa.phil-dev.ca\/fr\/who-we-are\/"},"modified":"2016-12-19T12:32:54","modified_gmt":"2016-12-19T17:32:54","slug":"qui-sommes-nous","status":"publish","type":"page","link":"https:\/\/www.projetpal.com\/fr\/qui-sommes-nous\/","title":{"rendered":"Qui sommes-nous ?"},"content":{"rendered":"<p><img loading=\"lazy\" decoding=\"async\" class=\"aligncenter size-large wp-image-203\" src=\"https:\/\/projetpal.com\/wp-content\/uploads\/2015\/10\/PAL_about-us-2-1920x800-1024x427.jpg\" alt=\"About PAL\" width=\"860\" height=\"359\" srcset=\"https:\/\/www.projetpal.com\/wp-content\/uploads\/2015\/10\/PAL_about-us-2-1920x800-1024x427.jpg 1024w, https:\/\/www.projetpal.com\/wp-content\/uploads\/2015\/10\/PAL_about-us-2-1920x800-300x125.jpg 300w, https:\/\/www.projetpal.com\/wp-content\/uploads\/2015\/10\/PAL_about-us-2-1920x800-400x167.jpg 400w, https:\/\/www.projetpal.com\/wp-content\/uploads\/2015\/10\/PAL_about-us-2-1920x800.jpg 1920w\" sizes=\"auto, (max-width: 860px) 100vw, 860px\" \/><\/p>\n<h3 class=\"blue textCenter\">Projet P.A.L. &#8211; \u00e9nonc\u00e9 de mission<\/h3>\n<p>Les personnes qui vivent des probl\u00e8mes de sant\u00e9 mentale sont victimes de discrimination et souffrent d\u2019isolement.<\/p>\n<p>Projet P.A.L., un organisme communautaire bilingue fond\u00e9 en 1975, a \u00e9t\u00e9 cr\u00e9\u00e9 pour pallier cette situation en offrant diff\u00e9rents services dans une approche alternative d\u2019autonomisation et d\u2019entraide.<\/p>\n<h3 class=\"blue textCenter\">Projet P.A.L. &#8211; \u00e9nonc\u00e9 de vision<\/h3>\n<p>La qualit\u00e9 de vie des personnes qui vivent des probl\u00e8mes de sant\u00e9 mentale ne devrait pas \u00eatre bas\u00e9e sur la s\u00e9v\u00e9rit\u00e9 de leur maladie ou diagnostic mais plut\u00f4t sur les forces et l\u2019appui de leur communaut\u00e9 et de leur r\u00e9seau de soutien. Projet P.A.L. s\u2019est engag\u00e9 \u00e0 cr\u00e9er des communaut\u00e9s inclusives, alternatives et compatissantes pour que ses membres puissent vivre dans la dignit\u00e9 et soient des citoyens inform\u00e9s et engag\u00e9s.<\/p>\n<h3 class=\"textCenter\">Projet P.A.L. est un organisme au grand c\u0153ur, passionn\u00e9 par l\u2019am\u00e9lioration de la qualit\u00e9 de vie des personnes qui vivent des probl\u00e8mes de sant\u00e9 mentale.<\/h3>\n<p>Du fait que nous privil\u00e9gions une approche alternative, nous croyons que peu importe la s\u00e9v\u00e9rit\u00e9 du probl\u00e8me de sant\u00e9 mentale, une personne peut vivre une vie stable si elle a un h\u00e9bergement abordable et un suivi communautaire au logement. Nous croyons que peu importe son diagnostic, elle peut apporter une pr\u00e9cieuse contribution \u00e0 la soci\u00e9t\u00e9 si elle est inform\u00e9e et encadr\u00e9e dans l\u2019exercice de ses droits et responsabilit\u00e9s en tant que citoyenne active. Et finalement, nous estimons que toute personne s\u2019\u00e9panouira si elle ressent de la compassion, de la chaleur humaine et de l\u2019amiti\u00e9 de la part d\u2019une communaut\u00e9 qui prend son bien-\u00eatre tr\u00e8s \u00e0 c\u0153ur. Pour nos membres, cette communaut\u00e9 c\u2019est Projet P.A.L.<\/p>\n<h3 class=\"textCenter\">Projet P.A.L. offre de l\u2019h\u00e9bergement permanent et transitoire, avec suivi communautaire au logement qui permet une int\u00e9gration \u00e0 plus ou moins long terme dans la communaut\u00e9.<\/h3>\n<p>Le service d\u2019aide et accompagnement individuel soutient les personnes qui sont confront\u00e9s \u00e0 des probl\u00e8mes juridiques ou des difficult\u00e9s avec l\u2019aide sociale. Elles ont peut-\u00eatre besoin d\u2019\u00eatre accompagn\u00e9es lors d\u2019une rencontre avec un professionnel de la sant\u00e9 pour discuter de leur dossier, ou encore un rendez-vous avec une travailleuse ou un travailleur social pour voir les possibilit\u00e9s de travail ou de retour aux \u00e9tudes. Ce service est con\u00e7u pour aider les gens \u00e0 naviguer \u00e0 travers un labyrinthe de services qui ne sont pas toujours clairs ou accessibles. De plus, ce service est pratique pour aider les gens \u00e0 trouver eux-m\u00eames des solutions \u00e0 ces difficult\u00e9s.<\/p>\n<p>Alors que nous luttons individuellement pour le respect de nos droits fondamentaux en termes de logement, de s\u00e9curit\u00e9 alimentaire et de soins m\u00e9dicaux ad\u00e9quats et rapides, c\u2019est collectivement que nous pouvons changer les choses. Le programme d\u2019action collective informe les membres et les travailleuses et travailleurs de Projet P.A.L. de leurs droits et responsabilit\u00e9s en tant que citoyens engag\u00e9s et compatissants. C\u2019est l\u00e0 que nous nous r\u00e9unissons pour d\u00e9battre, pour envisager et inciter notre communaut\u00e9 et nos dirigeantes et dirigeants \u00e0 tenir compte des besoins et de la r\u00e9alit\u00e9 des personnes qui sont aux prises avec des probl\u00e8mes reli\u00e9s aux soins de sant\u00e9, \u00e0 la pauvret\u00e9 et \u00e0 l\u2019exclusion sociale. Depuis plus de quarante ans, Projet P.A.L. est un chef de file passionn\u00e9 et une voix collective pour les personnes vuln\u00e9rables en raison de leur sant\u00e9 mentale et des conditions de vie qui en d\u00e9coulent.<\/p>\n<p>Finalement, nous avons tous besoin de camaraderie et d\u2019un lien significatif avec une communaut\u00e9. Pour plusieurs, le centre communautaire (drop in) est ce lien, le centre nerveux de l\u2019organisme. C\u2019est l\u00e0 que les gens se retrouvent pour socialiser, participer \u00e0 des activit\u00e9s sociales ou \u00e9ducatives et pour pr\u00e9parer et partager des repas nutritifs dans une ambiance chaleureuse et amicale. Ici se cr\u00e9ent des liens d\u2019amiti\u00e9, ici se forment des familles alternatives. Pour plusieurs, le centre c\u2019est chez-eux.<\/p>\n<h3 class=\"textCenter\">Finalement, nous avons tous besoin de camaraderie et d\u2019un lien significatif avec une communaut\u00e9. Pour plusieurs, le centre communautaire (drop in) est ce lien, le centre nerveux de l\u2019organisme.<\/h3>\n<p>C\u2019est l\u00e0 que les gens se retrouvent pour socialiser, participer \u00e0 des activit\u00e9s sociales ou \u00e9ducatives et pour pr\u00e9parer et partager des repas nutritifs dans une ambiance chaleureuse et amicale. Ici se cr\u00e9ent des liens d\u2019amiti\u00e9, ici se forment des familles alternatives. Pour plusieurs, le centre c\u2019est chez-eux.<\/p>\n<p>Depuis quarante ans, le Projet P.A.L. s\u2019est toujours consacr\u00e9 \u00e0 l\u2019am\u00e9lioration de la qualit\u00e9 de vie des personnes aux prises avec des probl\u00e8mes de sant\u00e9 mentale. Nous avons permis \u00e0 des gens de d\u00e9velopper leur autonomie et r\u00e9aliser leurs r\u00eaves, malgr\u00e9 les obstacles rencontr\u00e9s. Nous avons remis en question et provoqu\u00e9 des changements concrets dans les politiques qui excluent et causent pr\u00e9judice \u00e0 ceux qui sont confront\u00e9s \u00e0 ces obstacles. Et c\u2019est avec passion, d\u00e9vouement et d\u00e9termination que nous continuerons de le faire.<\/p>\n<p class=\"textCenter btn btn-dark btn-trans\"><a href=\"https:\/\/projetpal.com\/fr\/programmes\/\">D\u00e9couvrez nos programmes<\/a><\/p>\n","protected":false},"excerpt":{"rendered":"<p>Projet P.A.L. &#8211; \u00e9nonc\u00e9 de mission Les personnes qui vivent des probl\u00e8mes de sant\u00e9 mentale sont victimes de discrimination et souffrent d\u2019isolement. Projet P.A.L., un organisme communautaire bilingue fond\u00e9 en 1975, a \u00e9t\u00e9 cr\u00e9\u00e9 pour pallier cette situation en offrant diff\u00e9rents services dans une approche alternative d\u2019autonomisation et d\u2019entraide. Projet P.A.L. &#8211; \u00e9nonc\u00e9 de vision [&hellip;]<\/p>\n","protected":false},"author":4,"featured_media":0,"parent":0,"menu_order":1,"comment_status":"closed","ping_status":"closed","template":"","meta":{"footnotes":""},"class_list":["post-300","page","type-page","status-publish","hentry"],"_links":{"self":[{"href":"https:\/\/www.projetpal.com\/fr\/wp-json\/wp\/v2\/pages\/300","targetHints":{"allow":["GET"]}}],"collection":[{"href":"https:\/\/www.projetpal.com\/fr\/wp-json\/wp\/v2\/pages"}],"about":[{"href":"https:\/\/www.projetpal.com\/fr\/wp-json\/wp\/v2\/types\/page"}],"author":[{"embeddable":true,"href":"https:\/\/www.projetpal.com\/fr\/wp-json\/wp\/v2\/users\/4"}],"replies":[{"embeddable":true,"href":"https:\/\/www.projetpal.com\/fr\/wp-json\/wp\/v2\/comments?post=300"}],"version-history":[{"count":3,"href":"https:\/\/www.projetpal.com\/fr\/wp-json\/wp\/v2\/pages\/300\/revisions"}],"predecessor-version":[{"id":1081,"href":"https:\/\/www.projetpal.com\/fr\/wp-json\/wp\/v2\/pages\/300\/revisions\/1081"}],"wp:attachment":[{"href":"https:\/\/www.projetpal.com\/fr\/wp-json\/wp\/v2\/media?parent=300"}],"curies":[{"name":"wp","href":"https:\/\/api.w.org\/{rel}","templated":true}]}}