{"id":297,"date":"2015-10-30T14:43:34","date_gmt":"2015-10-30T18:43:34","guid":{"rendered":"http:\/\/aaa.phil-dev.ca\/fr\/home\/"},"modified":"2023-10-03T16:53:56","modified_gmt":"2023-10-03T20:53:56","slug":"home","status":"publish","type":"page","link":"https:\/\/www.projetpal.com\/fr\/","title":{"rendered":"Home"},"content":{"rendered":"<h2>Projet P.A.L. &#8211; \u00e9nonc\u00e9 de mission<\/h2>\n<h3 class=\"blue\">Les personnes qui vivent des probl\u00e8mes de sant\u00e9 mentale sont victimes de discrimination et souffrent d\u2019isolement.<\/h3>\n<p>Projet P.A.L., un organisme communautaire bilingue fond\u00e9 en 1975, a \u00e9t\u00e9 cr\u00e9\u00e9 pour pallier cette situation en offrant diff\u00e9rents services dans une approche alternative d\u2019autonomisation et d\u2019entraide.<\/p>\n<p class=\"btn btn-dark btn-trans\"><a href=\"https:\/\/projetpal.com\/fr\/programmes\/\">D\u00e9couvrez nos programmes<\/a><\/p>\n","protected":false},"excerpt":{"rendered":"<p>Projet P.A.L. &#8211; \u00e9nonc\u00e9 de mission Les personnes qui vivent des probl\u00e8mes de sant\u00e9 mentale sont victimes de discrimination et souffrent d\u2019isolement. Projet P.A.L., un organisme communautaire bilingue fond\u00e9 en 1975, a \u00e9t\u00e9 cr\u00e9\u00e9 pour pallier cette situation en offrant diff\u00e9rents services dans une approche alternative d\u2019autonomisation et d\u2019entraide. D\u00e9couvrez nos programmes<\/p>\n","protected":false},"author":4,"featured_media":2730,"parent":0,"menu_order":0,"comment_status":"closed","ping_status":"closed","template":"template-homepage.php","meta":{"footnotes":""},"class_list":["post-297","page","type-page","status-publish","has-post-thumbnail","hentry"],"_links":{"self":[{"href":"https:\/\/www.projetpal.com\/fr\/wp-json\/wp\/v2\/pages\/297","targetHints":{"allow":["GET"]}}],"collection":[{"href":"https:\/\/www.projetpal.com\/fr\/wp-json\/wp\/v2\/pages"}],"about":[{"href":"https:\/\/www.projetpal.com\/fr\/wp-json\/wp\/v2\/types\/page"}],"author":[{"embeddable":true,"href":"https:\/\/www.projetpal.com\/fr\/wp-json\/wp\/v2\/users\/4"}],"replies":[{"embeddable":true,"href":"https:\/\/www.projetpal.com\/fr\/wp-json\/wp\/v2\/comments?post=297"}],"version-history":[{"count":4,"href":"https:\/\/www.projetpal.com\/fr\/wp-json\/wp\/v2\/pages\/297\/revisions"}],"predecessor-version":[{"id":2732,"href":"https:\/\/www.projetpal.com\/fr\/wp-json\/wp\/v2\/pages\/297\/revisions\/2732"}],"wp:featuredmedia":[{"embeddable":true,"href":"https:\/\/www.projetpal.com\/fr\/wp-json\/wp\/v2\/media\/2730"}],"wp:attachment":[{"href":"https:\/\/www.projetpal.com\/fr\/wp-json\/wp\/v2\/media?parent=297"}],"curies":[{"name":"wp","href":"https:\/\/api.w.org\/{rel}","templated":true}]}}